{"id":424,"date":"2016-09-20T12:52:18","date_gmt":"2016-09-20T09:52:18","guid":{"rendered":"http:\/\/oops.ee\/teenused\/copywriting-proofreading-and-translation-of-content\/"},"modified":"2021-05-24T13:46:18","modified_gmt":"2021-05-24T10:46:18","slug":"teksti-tolkimine-kirjutamine-ja-kontrollimine","status":"publish","type":"page","link":"https:\/\/oops.ee\/et\/teenused\/teksti-tolkimine-kirjutamine-ja-kontrollimine\/","title":{"rendered":"Tekstide kirjutamine, kontroll ja t\u00f5lkimine"},"content":{"rendered":"<div class=\"fusion-fullwidth fullwidth-box nonhundred-percent-fullwidth non-hundred-percent-height-scrolling\"  style='background-color: rgba(255,255,255,0);background-position: center center;background-repeat: no-repeat;padding-top:0px;padding-right:0px;padding-bottom:0px;padding-left:0px;'><div class=\"fusion-builder-row fusion-row \"><div  class=\"fusion-layout-column fusion_builder_column fusion_builder_column_1_1  fusion-one-full fusion-column-first fusion-column-last 1_1\"  style='margin-top:0px;margin-bottom:20px;'>\n\t\t\t\t\t<div class=\"fusion-column-wrapper\" style=\"padding: 0px 0px 0px 0px;background-position:left top;background-repeat:no-repeat;-webkit-background-size:cover;-moz-background-size:cover;-o-background-size:cover;background-size:cover;\"  data-bg-url=\"\">\n\t\t\t\t\t\t<div class=\"fusion-title title fusion-sep-none fusion-title-size-one\" style=\"margin-top:0px;margin-bottom:15px;\"><h1 class=\"title-heading-left\">Tekstide kirjutamine, kontroll ja t\u00f5lkimine<\/h1><\/div><span class=\"fusion-imageframe imageframe-none imageframe-1 hover-type-none\"><img loading=\"lazy\" src=\"https:\/\/oops.ee\/wp-content\/uploads\/2018\/09\/copywriting-1.jpg\" width=\"1140\" height=\"579\" alt=\"\" title=\"\" class=\"img-responsive wp-image-1931\" srcset=\"https:\/\/oops.ee\/wp-content\/uploads\/2018\/09\/copywriting-1-200x102.jpg 200w, https:\/\/oops.ee\/wp-content\/uploads\/2018\/09\/copywriting-1-400x203.jpg 400w, https:\/\/oops.ee\/wp-content\/uploads\/2018\/09\/copywriting-1-600x305.jpg 600w, https:\/\/oops.ee\/wp-content\/uploads\/2018\/09\/copywriting-1-800x406.jpg 800w, https:\/\/oops.ee\/wp-content\/uploads\/2018\/09\/copywriting-1.jpg 1140w\" sizes=\"(max-width: 800px) 100vw, 1140px\" \/><\/span><div class=\"fusion-text\"><h2>Tekstide kirjutamine (copywriting)<\/h2>\n<p><span style=\"font-weight: 400;\">Iga reklaamtoote, olgu selleks koduleht, reklaamleht v\u00f5i plakat, olulisim koostisosa on selle sisu. Tekstid, artiklid, kaupade kirjeldused \u2013 seda k\u00f5ike on vaja nii lehe k\u00fclastajatele \u00fcksikasjade selgitamiseks kui projekti leidmiseks otsimootorite kaudu. Meie spetsialistidel on selliste materjalide kirjutamisel suured kogemused ja neid usaldades saate kvaliteetse tulemuse, mida hindab teiste hulgas ka n\u00e4iteks otsingus\u00fcsteem <\/span><a href=\"https:\/\/www.google.com\/\"><span style=\"font-weight: 400;\">https:\/\/www.google.com\/<\/span><\/a><span style=\"font-weight: 400;\">.<\/span><\/p>\n<h2>Tekstide toimetamine<\/h2>\n<p><span style=\"font-weight: 400;\">Kui kahtlete oma tekstide grammatikas v\u00f5i \u00f5igekirjas, saate samuti meilt abi. Meie asjatundjad kontrollivad tekstide grammatikat, stiili ja \u00f5igekirja ning annavad oma soovitused v\u00f5i variandid, kuidas muuta tekst elavamaks ja k\u00fclastajate jaoks huvipakkuvamaks.<\/span><\/p>\n<h2>Tekstide t\u00f5lkimine<\/h2>\n<p>Meie spetsialistid t\u00f5lgivad teie reklaamtekstid erinevatesse keeltesse<\/p>\n<p>Meie t\u00f5lkekeeled:<\/p>\n<\/div><ul class=\"fusion-checklist fusion-checklist-1\" style=\"font-size:14px;line-height:23.8px;\"><li class=\"fusion-li-item\"><span style=\"height:23.8px;width:23.8px;margin-right:9.8px;\" class=\"icon-wrapper circle-no\"><i class=\"fusion-li-icon fa fa-check\" style=\"color:#ed1846;\"><\/i><\/span><div class=\"fusion-li-item-content\" style=\"margin-left:33.6px;\">\n<p>vene<\/p>\n<\/div><\/li><li class=\"fusion-li-item\"><span style=\"height:23.8px;width:23.8px;margin-right:9.8px;\" class=\"icon-wrapper circle-no\"><i class=\"fusion-li-icon fa fa-check\" style=\"color:#ed1846;\"><\/i><\/span><div class=\"fusion-li-item-content\" style=\"margin-left:33.6px;\">\n<p>inglise<\/p>\n<\/div><\/li><li class=\"fusion-li-item\"><span style=\"height:23.8px;width:23.8px;margin-right:9.8px;\" class=\"icon-wrapper circle-no\"><i class=\"fusion-li-icon fa fa-check\" style=\"color:#ed1846;\"><\/i><\/span><div class=\"fusion-li-item-content\" style=\"margin-left:33.6px;\">\n<p>eesti<\/p>\n<\/div><\/li><li class=\"fusion-li-item\"><span style=\"height:23.8px;width:23.8px;margin-right:9.8px;\" class=\"icon-wrapper circle-no\"><i class=\"fusion-li-icon fa fa-check\" style=\"color:#ed1846;\"><\/i><\/span><div class=\"fusion-li-item-content\" style=\"margin-left:33.6px;\">\n<p>soome<\/p>\n<\/div><\/li><li class=\"fusion-li-item\"><span style=\"height:23.8px;width:23.8px;margin-right:9.8px;\" class=\"icon-wrapper circle-no\"><i class=\"fusion-li-icon fa fa-check\" style=\"color:#ed1846;\"><\/i><\/span><div class=\"fusion-li-item-content\" style=\"margin-left:33.6px;\">\n<p>ukraina<\/p>\n<\/div><\/li><li class=\"fusion-li-item\"><span style=\"height:23.8px;width:23.8px;margin-right:9.8px;\" class=\"icon-wrapper circle-no\"><i class=\"fusion-li-icon fa fa-check\" style=\"color:#ed1846;\"><\/i><\/span><div class=\"fusion-li-item-content\" style=\"margin-left:33.6px;\">\n<p><span style=\"font-weight: 400;\">jaapani<\/span><\/p>\n<\/div><\/li><\/ul><div class=\"fusion-clearfix\"><\/div>\n\n\t\t\t\t\t<\/div>\n\t\t\t\t<\/div><\/div><\/div>\n","protected":false},"excerpt":{"rendered":"","protected":false},"author":1,"featured_media":0,"parent":216,"menu_order":0,"comment_status":"closed","ping_status":"closed","template":"","meta":[],"_links":{"self":[{"href":"https:\/\/oops.ee\/et\/wp-json\/wp\/v2\/pages\/424"}],"collection":[{"href":"https:\/\/oops.ee\/et\/wp-json\/wp\/v2\/pages"}],"about":[{"href":"https:\/\/oops.ee\/et\/wp-json\/wp\/v2\/types\/page"}],"author":[{"embeddable":true,"href":"https:\/\/oops.ee\/et\/wp-json\/wp\/v2\/users\/1"}],"replies":[{"embeddable":true,"href":"https:\/\/oops.ee\/et\/wp-json\/wp\/v2\/comments?post=424"}],"version-history":[{"count":12,"href":"https:\/\/oops.ee\/et\/wp-json\/wp\/v2\/pages\/424\/revisions"}],"predecessor-version":[{"id":3040,"href":"https:\/\/oops.ee\/et\/wp-json\/wp\/v2\/pages\/424\/revisions\/3040"}],"up":[{"embeddable":true,"href":"https:\/\/oops.ee\/et\/wp-json\/wp\/v2\/pages\/216"}],"wp:attachment":[{"href":"https:\/\/oops.ee\/et\/wp-json\/wp\/v2\/media?parent=424"}],"curies":[{"name":"wp","href":"https:\/\/api.w.org\/{rel}","templated":true}]}}