{"id":394,"date":"2015-12-23T12:55:43","date_gmt":"2015-12-23T09:55:43","guid":{"rendered":"http:\/\/oops.ee\/teenused\/product-photography\/"},"modified":"2021-05-24T13:16:40","modified_gmt":"2021-05-24T10:16:40","slug":"objektifoto","status":"publish","type":"page","link":"https:\/\/oops.ee\/et\/teenused\/objektifoto\/","title":{"rendered":"Toote pildistamine"},"content":{"rendered":"<div class=\"fusion-fullwidth fullwidth-box nonhundred-percent-fullwidth non-hundred-percent-height-scrolling\"  style='background-color: rgba(255,255,255,0);background-position: center center;background-repeat: no-repeat;padding-top:0px;padding-right:0px;padding-bottom:0px;padding-left:0px;'><div class=\"fusion-builder-row fusion-row \"><div  class=\"fusion-layout-column fusion_builder_column fusion_builder_column_1_1  fusion-one-full fusion-column-first fusion-column-last 1_1\"  style='margin-top:0px;margin-bottom:20px;'>\n\t\t\t\t\t<div class=\"fusion-column-wrapper\" style=\"padding: 0px 0px 0px 0px;background-position:left top;background-repeat:no-repeat;-webkit-background-size:cover;-moz-background-size:cover;-o-background-size:cover;background-size:cover;\"  data-bg-url=\"\">\n\t\t\t\t\t\t<div class=\"fusion-title title fusion-sep-none fusion-title-size-one\" style=\"margin-top:0px;margin-bottom:15px;\"><h1 class=\"title-heading-left\">Toote pildistamine<\/h1><\/div><span class=\"fusion-imageframe imageframe-none imageframe-1 hover-type-none\"><img loading=\"lazy\" src=\"https:\/\/oops.ee\/wp-content\/uploads\/2018\/09\/product-photography-1.jpg\" width=\"1140\" height=\"579\" alt=\"\" title=\"\" class=\"img-responsive wp-image-1864\" srcset=\"https:\/\/oops.ee\/wp-content\/uploads\/2018\/09\/product-photography-1-200x102.jpg 200w, https:\/\/oops.ee\/wp-content\/uploads\/2018\/09\/product-photography-1-400x203.jpg 400w, https:\/\/oops.ee\/wp-content\/uploads\/2018\/09\/product-photography-1-600x305.jpg 600w, https:\/\/oops.ee\/wp-content\/uploads\/2018\/09\/product-photography-1-800x406.jpg 800w, https:\/\/oops.ee\/wp-content\/uploads\/2018\/09\/product-photography-1.jpg 1140w\" sizes=\"(max-width: 800px) 100vw, 1140px\" \/><\/span><div class=\"fusion-sep-clear\"><\/div><div class=\"fusion-separator fusion-full-width-sep sep-none\" style=\"margin-left: auto;margin-right: auto;margin-top:10px;margin-bottom:10px;\"><\/div><div class=\"fusion-title title fusion-sep-none fusion-title-size-two\" style=\"margin-top:0px;margin-bottom:15px;\"><h2 class=\"title-heading-left\">Mis on toote pildistamine?<\/h2><\/div><div class=\"fusion-text\"><p><span style=\"font-weight: 400;\">Toote pildistamne on teatud t\u00fc\u00fcpi fotograafia, mida kasutatakse reklaamides. Tooteid reklaamides tuleks kasutada erinevaid fotosid, et n\u00e4idata reklaamitava toote parimaid omadusi \u2013 v\u00e4limust, ehitust ja p\u00f5hiosi. <\/span><\/p>\n<\/div><div class=\"fusion-title title fusion-sep-none fusion-title-size-two\" style=\"margin-top:0px;margin-bottom:15px;\"><h2 class=\"title-heading-left\">Milleks on toote pildistamine vajalik?<\/h2><\/div><div class=\"fusion-text\"><p><span style=\"font-weight: 400;\">Veebipoodi\u00a0 tellides arvavad paljud, et neil pole seda teenust tegelikult vaja, fotosid saab ju veebist t\u00f5mmata v\u00f5i ise telefoniga teha. Meile j\u00e4lle tundub, et selles olukorras pole eriti m\u00f5tet suud pruukida, vaid parem tuua n\u00e4iteks \u00fcks meie fotosessioon, kus pidime osa oma fotosid \u00fcmber pildistama. J\u00e4tame v\u00e4ikese joonealuse m\u00e4rkuse, et v\u00f5tted olid tehtud kataloogi jaoks, s.t, et \u00fcks foto koos t\u00f6\u00f6tlemisega ei tohiks v\u00f5tta kauem aega kui 10 minutit.<\/span><\/p>\n<\/div><span class=\"fusion-imageframe imageframe-none imageframe-2 hover-type-none\"><img loading=\"lazy\" src=\"http:\/\/oops.ee\/wp-content\/uploads\/2018\/09\/product-photography-tallinn-estonia.jpg\" width=\"1082\" height=\"2048\" alt=\"\" title=\"product-photography-tallinn-estonia\" class=\"img-responsive wp-image-1875\" srcset=\"https:\/\/oops.ee\/wp-content\/uploads\/2018\/09\/product-photography-tallinn-estonia-200x379.jpg 200w, https:\/\/oops.ee\/wp-content\/uploads\/2018\/09\/product-photography-tallinn-estonia-400x757.jpg 400w, https:\/\/oops.ee\/wp-content\/uploads\/2018\/09\/product-photography-tallinn-estonia-600x1136.jpg 600w, https:\/\/oops.ee\/wp-content\/uploads\/2018\/09\/product-photography-tallinn-estonia-800x1514.jpg 800w, https:\/\/oops.ee\/wp-content\/uploads\/2018\/09\/product-photography-tallinn-estonia.jpg 1082w\" sizes=\"(max-width: 800px) 100vw, 1082px\" \/><\/span><div class=\"fusion-title title fusion-sep-none fusion-title-size-two\" style=\"margin-top:0px;margin-bottom:15px;\"><h2 class=\"title-heading-left\">Miks just meie?<\/h2><\/div><div class=\"fusion-content-boxes content-boxes columns row fusion-columns-3 fusion-columns-total-6 fusion-content-boxes-1 content-boxes-timeline-horizontal content-left content-boxes-icon-on-top fusion-delayed-animation\" data-animation-delay=\"350\" data-animationOffset=\"100%\" style=\"margin-top:0px;margin-bottom:0px;\"><style type=\"text\/css\" scoped=\"scoped\">.fusion-content-boxes-1 .heading h2{color:#333333;}\n\t\t\t\t\t.fusion-content-boxes-1 .fusion-content-box-hover .link-area-link-icon-hover .heading h2,\n\t\t\t\t\t.fusion-content-boxes-1 .fusion-content-box-hover .link-area-link-icon-hover .heading .heading-link h2,\n\t\t\t\t\t.fusion-content-boxes-1 .fusion-content-box-hover .link-area-box-hover .heading h2,\n\t\t\t\t\t.fusion-content-boxes-1 .fusion-content-box-hover .link-area-box-hover .heading .heading-link h2,\n\t\t\t\t\t.fusion-content-boxes-1 .fusion-content-box-hover .link-area-link-icon-hover.link-area-box .fusion-read-more,\n\t\t\t\t\t.fusion-content-boxes-1 .fusion-content-box-hover .link-area-link-icon-hover.link-area-box .fusion-read-more::after,\n\t\t\t\t\t.fusion-content-boxes-1 .fusion-content-box-hover .link-area-link-icon-hover.link-area-box .fusion-read-more::before,\n\t\t\t\t\t.fusion-content-boxes-1 .fusion-content-box-hover .fusion-read-more:hover:after,\n\t\t\t\t\t.fusion-content-boxes-1 .fusion-content-box-hover .fusion-read-more:hover:before,\n\t\t\t\t\t.fusion-content-boxes-1 .fusion-content-box-hover .fusion-read-more:hover,\n\t\t\t\t\t.fusion-content-boxes-1 .fusion-content-box-hover .link-area-box-hover.link-area-box .fusion-read-more,\n\t\t\t\t\t.fusion-content-boxes-1 .fusion-content-box-hover .link-area-box-hover.link-area-box .fusion-read-more::after,\n\t\t\t\t\t.fusion-content-boxes-1 .fusion-content-box-hover .link-area-box-hover.link-area-box .fusion-read-more::before,\n\t\t\t\t\t.fusion-content-boxes-1 .fusion-content-box-hover .link-area-link-icon-hover .icon .circle-no,\n\t\t\t\t\t.fusion-content-boxes-1 .heading .heading-link:hover .content-box-heading {\n\t\t\t\t\t\tcolor: #ed1846;\n\t\t\t\t\t}\n\t\t\t\t\t.fusion-content-boxes-1 .fusion-content-box-hover .link-area-box-hover .icon .circle-no {\n\t\t\t\t\t\tcolor: #ed1846 !important;\n\t\t\t\t\t}.fusion-content-boxes-1 .fusion-content-box-hover .link-area-box.link-area-box-hover .fusion-content-box-button {background: #d3103a;color: #ffffff;}.fusion-content-boxes-1 .fusion-content-box-hover .link-area-box.link-area-box-hover .fusion-content-box-button .fusion-button-text {color: #ffffff;}\n\t\t\t\t\t.fusion-content-boxes-1 .fusion-content-box-hover .link-area-link-icon-hover .heading .icon > span {\n\t\t\t\t\t\tbackground-color: #ed1846 !important;\n\t\t\t\t\t}\n\t\t\t\t\t.fusion-content-boxes-1 .fusion-content-box-hover .link-area-box-hover .heading .icon > span {\n\t\t\t\t\t\tborder-color: #ed1846 !important;\n\t\t\t\t\t}<\/style><div class=\"fusion-column content-box-column content-box-column content-box-column-1 col-lg-4 col-md-4 col-sm-4 fusion-content-box-hover  content-box-column-first-in-row\"><div class=\"col content-wrapper link-area-link-icon icon-hover-animation-fade fusion-animated\" style=\"background-color:rgba(255,255,255,0);\" data-animationType=\"fadeIn\" data-animationDuration=\"0.25\" data-animationOffset=\"100%\"><div class=\"heading heading-with-icon icon-left\"><div class=\"icon\" style=\"-webkit-animation-duration: 350ms;animation-duration: 350ms;\"><i style=\"background-color:transparent;border-color:transparent;height:auto;width: 60px;line-height:normal;color:#ed1846;font-size:60px;\" class=\"fa fontawesome-icon fa-graduation-cap circle-no\"><\/i><\/div><h2 class=\"content-box-heading\" style=\"font-size:18px;line-height:23px;\">See on meie eriala<\/h2><\/div><div class=\"fusion-clearfix\"><\/div><div class=\"content-container\" style=\"color:#747474;\">\n<p>Oleme spetsialiseerunud just sellele fotografeerimise liigile<\/p>\n<\/div><\/div><\/div><div class=\"fusion-column content-box-column content-box-column content-box-column-2 col-lg-4 col-md-4 col-sm-4 fusion-content-box-hover \"><div class=\"col content-wrapper link-area-link-icon icon-hover-animation-fade fusion-animated\" style=\"background-color:rgba(255,255,255,0);\" data-animationType=\"fadeIn\" data-animationDuration=\"0.25\" data-animationOffset=\"100%\"><div class=\"heading heading-with-icon icon-left\"><div class=\"icon\" style=\"-webkit-animation-duration: 350ms;animation-duration: 350ms;\"><i style=\"background-color:transparent;border-color:transparent;height:auto;width: 60px;line-height:normal;color:#ed1846;font-size:60px;\" class=\"fa fontawesome-icon fa-desktop circle-no\"><\/i><\/div><h2 class=\"content-box-heading\" style=\"font-size:18px;line-height:23px;\">Ideaalne v\u00e4rviedastus<\/h2><\/div><div class=\"fusion-clearfix\"><\/div><div class=\"content-container\" style=\"color:#747474;\">\n<p><span style=\"font-weight: 400;\">V\u00e4rvide t\u00e4pseks kalibreerimiseks kasutame v\u00e4rvipassi<\/span><\/p>\n<\/div><\/div><\/div><div class=\"fusion-column content-box-column content-box-column content-box-column-3 col-lg-4 col-md-4 col-sm-4 fusion-content-box-hover  content-box-column-last-in-row\"><div class=\"col content-wrapper link-area-link-icon icon-hover-animation-fade fusion-animated\" style=\"background-color:rgba(255,255,255,0);\" data-animationType=\"fadeIn\" data-animationDuration=\"0.25\" data-animationOffset=\"100%\"><div class=\"heading heading-with-icon icon-left\"><div class=\"icon\" style=\"-webkit-animation-duration: 350ms;animation-duration: 350ms;\"><i style=\"background-color:transparent;border-color:transparent;height:auto;width: 60px;line-height:normal;color:#ed1846;font-size:60px;\" class=\"fa fontawesome-icon fa-truck circle-no\"><\/i><\/div><h2 class=\"content-box-heading\" style=\"font-size:18px;line-height:23px;\">Toome ja viime<\/h2><\/div><div class=\"fusion-clearfix\"><\/div><div class=\"content-container\" style=\"color:#747474;\">\n<p>Vajaduse korral korjame kaubad ise kokku ja toimetame tagasi<\/p>\n<\/div><\/div><\/div><div class=\"fusion-column content-box-column content-box-column content-box-column-4 col-lg-4 col-md-4 col-sm-4 fusion-content-box-hover  content-box-column-first-in-row\"><div class=\"col content-wrapper link-area-link-icon icon-hover-animation-fade fusion-animated\" style=\"background-color:rgba(255,255,255,0);\" data-animationType=\"fadeIn\" data-animationDuration=\"0.25\" data-animationOffset=\"100%\"><div class=\"heading heading-with-icon icon-left\"><div class=\"icon\" style=\"-webkit-animation-duration: 350ms;animation-duration: 350ms;\"><i style=\"background-color:transparent;border-color:transparent;height:auto;width: 60px;line-height:normal;color:#ed1846;font-size:60px;\" class=\"fa fontawesome-icon fa-car circle-no\"><\/i><\/div><h2 class=\"content-box-heading\" style=\"font-size:18px;line-height:23px;\">Korraldame stuudio<\/h2><\/div><div class=\"fusion-clearfix\"><\/div><div class=\"content-container\" style=\"color:#747474;\">\n<p>Juhul, kui tooteid on v\u00e4ga palju v\u00f5i on nende \u00fchest kohast teise s\u00f5idutamine keeruline, v\u00f5ime stuudio p\u00fcsti panna ka kohapeal<\/p>\n<\/div><\/div><\/div><div class=\"fusion-column content-box-column content-box-column content-box-column-5 col-lg-4 col-md-4 col-sm-4 fusion-content-box-hover \"><div class=\"col content-wrapper link-area-link-icon icon-hover-animation-fade fusion-animated\" style=\"background-color:rgba(255,255,255,0);\" data-animationType=\"fadeIn\" data-animationDuration=\"0.25\" data-animationOffset=\"100%\"><div class=\"heading heading-with-icon icon-left\"><div class=\"icon\" style=\"-webkit-animation-duration: 350ms;animation-duration: 350ms;\"><i style=\"background-color:transparent;border-color:transparent;height:auto;width: 60px;line-height:normal;color:#ed1846;font-size:60px;\" class=\"fa fontawesome-icon fa-database circle-no\"><\/i><\/div><h2 class=\"content-box-heading\" style=\"font-size:18px;line-height:23px;\">Viime teie kulud miinimumi<\/h2><\/div><div class=\"fusion-clearfix\"><\/div><div class=\"content-container\" style=\"color:#747474;\">\n<p>Teie kulude minimeerimiseks tekitame v\u00f5tteplatsil universaalse valguslahenduse<\/p>\n<\/div><\/div><\/div><div class=\"fusion-column content-box-column content-box-column content-box-column-6 col-lg-4 col-md-4 col-sm-4 fusion-content-box-hover  content-box-column-last content-box-column-last-in-row\"><div class=\"col content-wrapper link-area-link-icon icon-hover-animation-fade fusion-animated\" style=\"background-color:rgba(255,255,255,0);\" data-animationType=\"fadeIn\" data-animationDuration=\"0.25\" data-animationOffset=\"100%\"><div class=\"heading heading-with-icon icon-left\"><div class=\"icon\" style=\"-webkit-animation-duration: 350ms;animation-duration: 350ms;\"><i style=\"background-color:transparent;border-color:transparent;height:auto;width: 60px;line-height:normal;color:#ed1846;font-size:60px;\" class=\"fa fontawesome-icon fa-cubes circle-no\"><\/i><\/div><h2 class=\"content-box-heading\" style=\"font-size:18px;line-height:23px;\">Inventar \u00f5hkkonna loomiseks<\/h2><\/div><div class=\"fusion-clearfix\"><\/div><div class=\"content-container\" style=\"color:#747474;\">\n<p>Stuudios on olemas taustad ja erinevaid esemeid kompositsiooni loomiseks<\/p>\n<\/div><\/div><\/div><style type=\"text\/css\" scoped=\"scoped\">\n\t\t\t\t\t\t.fusion-content-boxes-1 .fusion-content-box-hover .heading-link:hover .icon i.circle-yes,\n\t\t\t\t\t\t.fusion-content-boxes-1 .fusion-content-box-hover .link-area-box:hover .heading-link .icon i.circle-yes,\n\t\t\t\t\t\t.fusion-content-boxes-1 .fusion-content-box-hover .link-area-link-icon-hover .heading .icon i.circle-yes,\n\t\t\t\t\t\t.fusion-content-boxes-1 .fusion-content-box-hover .link-area-box-hover .heading .icon i.circle-yes {\n\t\t\t\t\t\t\tbackground-color: #ed1846 !important;\n\t\t\t\t\t\t\tborder-color: #ed1846 !important;\n\t\t\t\t\t\t}<\/style><div class=\"fusion-clearfix\"><\/div><\/div><div class=\"fusion-clearfix\"><\/div>\n\n\t\t\t\t\t<\/div>\n\t\t\t\t<\/div><div  class=\"fusion-layout-column fusion_builder_column fusion_builder_column_1_1  fusion-one-full fusion-column-first fusion-column-last 1_1\"  style='margin-top:0px;margin-bottom:20px;'>\n\t\t\t\t\t<div class=\"fusion-column-wrapper\" style=\"padding: 0px 0px 0px 0px;background-position:left top;background-repeat:no-repeat;-webkit-background-size:cover;-moz-background-size:cover;-o-background-size:cover;background-size:cover;\"  data-bg-url=\"\">\n\t\t\t\t\t\t<div class=\"fusion-title title fusion-sep-none fusion-title-size-two\" style=\"margin-top:0px;margin-bottom:15px;\"><h2 class=\"title-heading-left\"><div class=\"fusion-title title fusion-sep-none fusion-title-size-two fusion-border-below-title\">\n<p>Mida me juba teinud oleme?<\/p>\n<\/div><\/h2><\/div><div class=\"fusion-clearfix\"><\/div>\n\n\t\t\t\t\t<\/div>\n\t\t\t\t<\/div><\/div><\/div>\n","protected":false},"excerpt":{"rendered":"","protected":false},"author":1,"featured_media":0,"parent":216,"menu_order":0,"comment_status":"closed","ping_status":"closed","template":"100-width.php","meta":[],"_links":{"self":[{"href":"https:\/\/oops.ee\/et\/wp-json\/wp\/v2\/pages\/394"}],"collection":[{"href":"https:\/\/oops.ee\/et\/wp-json\/wp\/v2\/pages"}],"about":[{"href":"https:\/\/oops.ee\/et\/wp-json\/wp\/v2\/types\/page"}],"author":[{"embeddable":true,"href":"https:\/\/oops.ee\/et\/wp-json\/wp\/v2\/users\/1"}],"replies":[{"embeddable":true,"href":"https:\/\/oops.ee\/et\/wp-json\/wp\/v2\/comments?post=394"}],"version-history":[{"count":13,"href":"https:\/\/oops.ee\/et\/wp-json\/wp\/v2\/pages\/394\/revisions"}],"predecessor-version":[{"id":3033,"href":"https:\/\/oops.ee\/et\/wp-json\/wp\/v2\/pages\/394\/revisions\/3033"}],"up":[{"embeddable":true,"href":"https:\/\/oops.ee\/et\/wp-json\/wp\/v2\/pages\/216"}],"wp:attachment":[{"href":"https:\/\/oops.ee\/et\/wp-json\/wp\/v2\/media?parent=394"}],"curies":[{"name":"wp","href":"https:\/\/api.w.org\/{rel}","templated":true}]}}