{"id":380,"date":"2016-08-22T09:53:19","date_gmt":"2016-08-22T06:53:19","guid":{"rendered":"http:\/\/oops.ee\/teenused\/corporate-identity\/"},"modified":"2021-05-24T13:56:54","modified_gmt":"2021-05-24T10:56:54","slug":"firmastiil","status":"publish","type":"page","link":"https:\/\/oops.ee\/et\/teenused\/firmastiil\/","title":{"rendered":"Firmastiil"},"content":{"rendered":"<div class=\"fusion-fullwidth fullwidth-box nonhundred-percent-fullwidth non-hundred-percent-height-scrolling\"  style='background-color: rgba(255,255,255,0);background-position: center center;background-repeat: no-repeat;padding-top:0px;padding-right:0px;padding-bottom:0px;padding-left:0px;'><div class=\"fusion-builder-row fusion-row \"><div  class=\"fusion-layout-column fusion_builder_column fusion_builder_column_1_1  fusion-one-full fusion-column-first fusion-column-last 1_1\"  style='margin-top:0px;margin-bottom:20px;'>\n\t\t\t\t\t<div class=\"fusion-column-wrapper\" style=\"padding: 0px 0px 0px 0px;background-position:left top;background-repeat:no-repeat;-webkit-background-size:cover;-moz-background-size:cover;-o-background-size:cover;background-size:cover;\"  data-bg-url=\"\">\n\t\t\t\t\t\t<div class=\"fusion-title title fusion-sep-none fusion-title-size-one\" style=\"margin-top:0px;margin-bottom:15px;\"><h1 class=\"title-heading-left\"><p>Firmastiil<\/p>\n<h5 class=\"text-main semibold\"><span style=\"color: #ed1846;\"><strong>Milleks mul seda vaja peaks olema? Logo v\u00f5ib mulle ju valmis teha ka vennapoeg\u2026<\/strong><\/span><\/h5><\/h1><\/div><span class=\"fusion-imageframe imageframe-none imageframe-1 hover-type-none\"><img loading=\"lazy\" src=\"http:\/\/oops.ee\/wp-content\/uploads\/2018\/09\/branding-tallinn-estonia.jpg\" width=\"1140\" height=\"579\" alt=\"\" title=\"branding-tallinn-estonia\" class=\"img-responsive wp-image-1940\" srcset=\"https:\/\/oops.ee\/wp-content\/uploads\/2018\/09\/branding-tallinn-estonia-200x102.jpg 200w, https:\/\/oops.ee\/wp-content\/uploads\/2018\/09\/branding-tallinn-estonia-400x203.jpg 400w, https:\/\/oops.ee\/wp-content\/uploads\/2018\/09\/branding-tallinn-estonia-600x305.jpg 600w, https:\/\/oops.ee\/wp-content\/uploads\/2018\/09\/branding-tallinn-estonia-800x406.jpg 800w, https:\/\/oops.ee\/wp-content\/uploads\/2018\/09\/branding-tallinn-estonia.jpg 1140w\" sizes=\"(max-width: 800px) 100vw, 1140px\" \/><\/span><div class=\"fusion-text\"><h2>Mis asi on firmastiil?<\/h2>\n<p><span style=\"font-weight: 400;\">Ettev\u00f5tte oma stiil on ettev\u00f5tte v\u00e4line ilme, see, kuidas ettev\u00f5te v\u00f5i selle toode l\u00f5pptarbijale paistab. See saavutatakse mitmesuguste l\u00e4henemistega \u2013 kaugelt \u00e4ratuntav logo, v\u00e4rvid, mustrid, stiilielemendid, pildid, fotod, kirjastiil ja palju muud.<\/span><\/p>\n<h2>Milleks on\u00a0firmastiili?<\/h2>\n<p><span style=\"font-weight: 400;\">Firmastiil r\u00e4\u00e4gib sellest, et ettev\u00f5te on turul tugevalt kanda kinnitanud ja kavatseb sinna j\u00e4\u00e4da pikaks ajaks. Sellega seoses hakkavad ka kliendid ettev\u00f5tet \u00fcha rohkem usaldama<\/span><span style=\"font-weight: 400;\">. Firmastiil aitab teie ettev\u00f5ttel konkurentide seast v\u00e4lja paista ja tuntust suurendada. <\/span><\/p>\n<\/div><div class=\"fusion-title title fusion-sep-none fusion-title-size-one\" style=\"margin-top:0px;margin-bottom:15px;\"><h1 class=\"title-heading-left\"><div class=\"fusion-title title fusion-sep-none fusion-title-size-two fusion-border-below-title\">\n<h2>Mida me juba teinud oleme?<\/h2>\n<\/div><\/h1><\/div><style type=\"text\/css\">.fusion-portfolio-wrapper#fusion-portfolio-1 .fusion-portfolio-content{  text-align: center; }<\/style><div class=\"fusion-recent-works fusion-portfolio-element fusion-portfolio fusion-portfolio-1 fusion-portfolio-grid fusion-portfolio-paging-none fusion-portfolio-four fusion-portfolio-unboxed fusion-portfolio-text fusion-portfolio-equal-heights\" data-id=\"-rw-1\" data-columns=\"four\"><style type=\"text\/css\">.fusion-portfolio-1 .fusion-portfolio-wrapper .fusion-col-spacing{padding:10px;}<\/style><div class=\"fusion-portfolio-wrapper\" id=\"fusion-portfolio-1\" data-picturesize=\"auto\" data-pages=\"1\" style=\"margin:-10px;\"><article id=\"portfolio-1-post-2148\" class=\"fusion-portfolio-post firmastiil design-et fusion-col-spacing post-2148\"><div class=\"fusion-portfolio-content-wrapper\" style=\"border:none;\">\n\t\n\t\t\t<span class=\"vcard rich-snippet-hidden\">\n\t\t\t<span class=\"fn\">\n\t\t\t\t<a href=\"https:\/\/oops.ee\/et\/author\/oops\/\" title=\"oops tehtud postitused\" rel=\"author\">oops<\/a>\t\t\t<\/span>\n\t\t<\/span>\n\t\n\t\t\t<span class=\"updated rich-snippet-hidden\">\n\t\t\t2022-04-07T17:56:54+03:00\t\t<\/span>\n\t\n\n\n<div  class=\"fusion-image-wrapper\" aria-haspopup=\"true\">\n\t\n\t\n\t\t<a href=\"https:\/\/oops.ee\/et\/portfolio-items\/bandi-digital-digital-logo\/?portfolioCats=62\">\n\t\t\t\n\t\t\t\t\t<img width=\"400\" height=\"400\" src=\"https:\/\/oops.ee\/wp-content\/uploads\/2018\/08\/digital-digital-logo-200x200.png\" class=\"attachment-full size-full wp-post-image\" alt=\"\" loading=\"lazy\" srcset=\"https:\/\/oops.ee\/wp-content\/uploads\/2018\/08\/digital-digital-logo-200x200.png 200w, https:\/\/oops.ee\/wp-content\/uploads\/2018\/08\/digital-digital-logo.png 400w\" sizes=\"(min-width: 2200px) 100vw, (min-width: 856px) 270px, (min-width: 784px) 360px, (min-width: 712px) 540px, (min-width: 640px) 712px, \" \/>\n\t\n\n\t\t<\/a>\n\n\t\n<\/div>\n<div class=\"fusion-portfolio-content\"><h2 class=\"entry-title fusion-post-title\"><a href=\"https:\/\/oops.ee\/et\/portfolio-items\/bandi-digital-digital-logo\/?portfolioCats=62\">B\u00e4ndi Digital Digital logo<\/a><\/h2><div class=\"fusion-post-content\"><\/div><\/div><\/div><\/article><article id=\"portfolio-1-post-2316\" class=\"fusion-portfolio-post firmastiil design-et fusion-col-spacing post-2316\"><div class=\"fusion-portfolio-content-wrapper\" style=\"border:none;\">\n\t\n\t\t\t<span class=\"vcard rich-snippet-hidden\">\n\t\t\t<span class=\"fn\">\n\t\t\t\t<a href=\"https:\/\/oops.ee\/et\/author\/oops\/\" title=\"oops tehtud postitused\" rel=\"author\">oops<\/a>\t\t\t<\/span>\n\t\t<\/span>\n\t\n\t\t\t<span class=\"updated rich-snippet-hidden\">\n\t\t\t2022-04-07T17:54:42+03:00\t\t<\/span>\n\t\n\n\n<div  class=\"fusion-image-wrapper\" aria-haspopup=\"true\">\n\t\n\t\n\t\t<a href=\"https:\/\/oops.ee\/et\/portfolio-items\/reautomatico-logo\/?portfolioCats=62\">\n\t\t\t\n\t\t\t\t\t<img width=\"400\" height=\"400\" src=\"https:\/\/oops.ee\/wp-content\/uploads\/2018\/09\/reautomatico-logo-thumb-200x200.jpg\" class=\"attachment-full size-full wp-post-image\" alt=\"Reautomatico Logo Thubmnail\" loading=\"lazy\" srcset=\"https:\/\/oops.ee\/wp-content\/uploads\/2018\/09\/reautomatico-logo-thumb-200x200.jpg 200w, https:\/\/oops.ee\/wp-content\/uploads\/2018\/09\/reautomatico-logo-thumb.jpg 400w\" sizes=\"(min-width: 2200px) 100vw, (min-width: 856px) 270px, (min-width: 784px) 360px, (min-width: 712px) 540px, (min-width: 640px) 712px, \" \/>\n\t\n\n\t\t<\/a>\n\n\t\n<\/div>\n<div class=\"fusion-portfolio-content\"><h2 class=\"entry-title fusion-post-title\"><a href=\"https:\/\/oops.ee\/et\/portfolio-items\/reautomatico-logo\/?portfolioCats=62\">ReAutomatico logo<\/a><\/h2><div class=\"fusion-post-content\"><\/div><\/div><\/div><\/article><article id=\"portfolio-1-post-2174\" class=\"fusion-portfolio-post firmastiil design-et fusion-col-spacing post-2174\"><div class=\"fusion-portfolio-content-wrapper\" style=\"border:none;\">\n\t\n\t\t\t<span class=\"vcard rich-snippet-hidden\">\n\t\t\t<span class=\"fn\">\n\t\t\t\t<a href=\"https:\/\/oops.ee\/et\/author\/oops\/\" title=\"oops tehtud postitused\" rel=\"author\">oops<\/a>\t\t\t<\/span>\n\t\t<\/span>\n\t\n\t\t\t<span class=\"updated rich-snippet-hidden\">\n\t\t\t2022-04-07T18:00:45+03:00\t\t<\/span>\n\t\n\n\n<div  class=\"fusion-image-wrapper\" aria-haspopup=\"true\">\n\t\n\t\n\t\t<a href=\"https:\/\/oops.ee\/et\/portfolio-items\/poe-alkoporssi-rebrandimine-viinaporssiks\/?portfolioCats=62\">\n\t\t\t\n\t\t\t\t\t<img width=\"400\" height=\"400\" src=\"https:\/\/oops.ee\/wp-content\/uploads\/2015\/12\/viinaporssi-thumb-200x200.png\" class=\"attachment-full size-full wp-post-image\" alt=\"\" loading=\"lazy\" srcset=\"https:\/\/oops.ee\/wp-content\/uploads\/2015\/12\/viinaporssi-thumb-200x200.png 200w, https:\/\/oops.ee\/wp-content\/uploads\/2015\/12\/viinaporssi-thumb.png 400w\" sizes=\"(min-width: 2200px) 100vw, (min-width: 856px) 270px, (min-width: 784px) 360px, (min-width: 712px) 540px, (min-width: 640px) 712px, \" \/>\n\t\n\n\t\t<\/a>\n\n\t\n<\/div>\n<div class=\"fusion-portfolio-content\"><h2 class=\"entry-title fusion-post-title\"><a href=\"https:\/\/oops.ee\/et\/portfolio-items\/poe-alkoporssi-rebrandimine-viinaporssiks\/?portfolioCats=62\">Poe AlkoP\u00f6rssi rebr\u00e4ndimine ViinaP\u00f6rssiks<\/a><\/h2><div class=\"fusion-post-content\"><\/div><\/div><\/div><\/article><article id=\"portfolio-1-post-3188\" class=\"fusion-portfolio-post firmastiil fusion-col-spacing post-3188\"><div class=\"fusion-portfolio-content-wrapper\" style=\"border:none;\">\n\t\n\t\t\t<span class=\"vcard rich-snippet-hidden\">\n\t\t\t<span class=\"fn\">\n\t\t\t\t<a href=\"https:\/\/oops.ee\/et\/author\/oops\/\" title=\"oops tehtud postitused\" rel=\"author\">oops<\/a>\t\t\t<\/span>\n\t\t<\/span>\n\t\n\t\t\t<span class=\"updated rich-snippet-hidden\">\n\t\t\t2022-04-07T17:44:21+03:00\t\t<\/span>\n\t\n\n\n<div  class=\"fusion-image-wrapper\" aria-haspopup=\"true\">\n\t\n\t\n\t\t<a href=\"https:\/\/oops.ee\/et\/portfolio-items\/ukraina-organisatsioonide-assotsiatsioon-eestis-logo\/?portfolioCats=62\">\n\t\t\t\n\t\t\t\t\t<img width=\"1333\" height=\"1333\" src=\"https:\/\/oops.ee\/wp-content\/uploads\/2022\/03\/ukrain.ee-logo.png\" class=\"attachment-full size-full wp-post-image\" alt=\"\" loading=\"lazy\" srcset=\"https:\/\/oops.ee\/wp-content\/uploads\/2022\/03\/ukrain.ee-logo-200x200.png 200w, https:\/\/oops.ee\/wp-content\/uploads\/2022\/03\/ukrain.ee-logo-400x400.png 400w, https:\/\/oops.ee\/wp-content\/uploads\/2022\/03\/ukrain.ee-logo-600x600.png 600w, https:\/\/oops.ee\/wp-content\/uploads\/2022\/03\/ukrain.ee-logo-800x800.png 800w, https:\/\/oops.ee\/wp-content\/uploads\/2022\/03\/ukrain.ee-logo-1200x1200.png 1200w, https:\/\/oops.ee\/wp-content\/uploads\/2022\/03\/ukrain.ee-logo.png 1333w\" sizes=\"(min-width: 2200px) 100vw, (min-width: 856px) 270px, (min-width: 784px) 360px, (min-width: 712px) 540px, (min-width: 640px) 712px, \" \/>\n\t\n\n\t\t<\/a>\n\n\t\n<\/div>\n<div class=\"fusion-portfolio-content\"><h2 class=\"entry-title fusion-post-title\"><a href=\"https:\/\/oops.ee\/et\/portfolio-items\/ukraina-organisatsioonide-assotsiatsioon-eestis-logo\/?portfolioCats=62\">Ukraina Organisatsioonide Assotsiatsioon Eestis logo<\/a><\/h2><div class=\"fusion-post-content\"><\/div><\/div><\/div><\/article><article id=\"portfolio-1-post-2139\" class=\"fusion-portfolio-post firmastiil design-et fusion-col-spacing post-2139\"><div class=\"fusion-portfolio-content-wrapper\" style=\"border:none;\">\n\t\n\t\t\t<span class=\"vcard rich-snippet-hidden\">\n\t\t\t<span class=\"fn\">\n\t\t\t\t<a href=\"https:\/\/oops.ee\/et\/author\/oops\/\" title=\"oops tehtud postitused\" rel=\"author\">oops<\/a>\t\t\t<\/span>\n\t\t<\/span>\n\t\n\t\t\t<span class=\"updated rich-snippet-hidden\">\n\t\t\t2022-04-07T17:56:38+03:00\t\t<\/span>\n\t\n\n\n<div  class=\"fusion-image-wrapper\" aria-haspopup=\"true\">\n\t\n\t\n\t\t<a href=\"https:\/\/oops.ee\/et\/portfolio-items\/agentuuri-perfect-day-logo\/?portfolioCats=62\">\n\t\t\t\n\t\t\t\t\t<img width=\"400\" height=\"400\" src=\"https:\/\/oops.ee\/wp-content\/uploads\/2018\/08\/perfectday-logo-200x200.png\" class=\"attachment-full size-full wp-post-image\" alt=\"\" loading=\"lazy\" srcset=\"https:\/\/oops.ee\/wp-content\/uploads\/2018\/08\/perfectday-logo-200x200.png 200w, https:\/\/oops.ee\/wp-content\/uploads\/2018\/08\/perfectday-logo.png 400w\" sizes=\"(min-width: 2200px) 100vw, (min-width: 856px) 270px, (min-width: 784px) 360px, (min-width: 712px) 540px, (min-width: 640px) 712px, \" \/>\n\t\n\n\t\t<\/a>\n\n\t\n<\/div>\n<div class=\"fusion-portfolio-content\"><h2 class=\"entry-title fusion-post-title\"><a href=\"https:\/\/oops.ee\/et\/portfolio-items\/agentuuri-perfect-day-logo\/?portfolioCats=62\">Agentuuri Perfect Day logo<\/a><\/h2><div class=\"fusion-post-content\"><\/div><\/div><\/div><\/article><article id=\"portfolio-1-post-3329\" class=\"fusion-portfolio-post firmastiil design-et fusion-col-spacing post-3329\"><div class=\"fusion-portfolio-content-wrapper\" style=\"border:none;\">\n\t\n\t\t\t<span class=\"vcard rich-snippet-hidden\">\n\t\t\t<span class=\"fn\">\n\t\t\t\t<a href=\"https:\/\/oops.ee\/et\/author\/oops\/\" title=\"oops tehtud postitused\" rel=\"author\">oops<\/a>\t\t\t<\/span>\n\t\t<\/span>\n\t\n\t\t\t<span class=\"updated rich-snippet-hidden\">\n\t\t\t2022-04-07T20:19:46+03:00\t\t<\/span>\n\t\n\n\n<div  class=\"fusion-image-wrapper\" aria-haspopup=\"true\">\n\t\n\t\n\t\t<a href=\"https:\/\/oops.ee\/et\/portfolio-items\/build-a-bowl-logo\/?portfolioCats=62\">\n\t\t\t\n\t\t\t\t\t<img width=\"800\" height=\"800\" src=\"https:\/\/oops.ee\/wp-content\/uploads\/2021\/10\/build-a-bowl-logo-thumbnail-1-200x200.jpg\" class=\"attachment-full size-full wp-post-image\" alt=\"\" loading=\"lazy\" srcset=\"https:\/\/oops.ee\/wp-content\/uploads\/2021\/10\/build-a-bowl-logo-thumbnail-1-200x200.jpg 200w, https:\/\/oops.ee\/wp-content\/uploads\/2021\/10\/build-a-bowl-logo-thumbnail-1-400x400.jpg 400w, https:\/\/oops.ee\/wp-content\/uploads\/2021\/10\/build-a-bowl-logo-thumbnail-1-600x600.jpg 600w, https:\/\/oops.ee\/wp-content\/uploads\/2021\/10\/build-a-bowl-logo-thumbnail-1.jpg 800w\" sizes=\"(min-width: 2200px) 100vw, (min-width: 856px) 270px, (min-width: 784px) 360px, (min-width: 712px) 540px, (min-width: 640px) 712px, \" \/>\n\t\n\n\t\t<\/a>\n\n\t\n<\/div>\n<div class=\"fusion-portfolio-content\"><h2 class=\"entry-title fusion-post-title\"><a href=\"https:\/\/oops.ee\/et\/portfolio-items\/build-a-bowl-logo\/?portfolioCats=62\">Build a Bowl logo<\/a><\/h2><div class=\"fusion-post-content\"><\/div><\/div><\/div><\/article><\/div><\/div><div class=\"fusion-clearfix\"><\/div>\n\n\t\t\t\t\t<\/div>\n\t\t\t\t<\/div><\/div><\/div>\n","protected":false},"excerpt":{"rendered":"","protected":false},"author":1,"featured_media":0,"parent":216,"menu_order":0,"comment_status":"closed","ping_status":"closed","template":"","meta":[],"_links":{"self":[{"href":"https:\/\/oops.ee\/et\/wp-json\/wp\/v2\/pages\/380"}],"collection":[{"href":"https:\/\/oops.ee\/et\/wp-json\/wp\/v2\/pages"}],"about":[{"href":"https:\/\/oops.ee\/et\/wp-json\/wp\/v2\/types\/page"}],"author":[{"embeddable":true,"href":"https:\/\/oops.ee\/et\/wp-json\/wp\/v2\/users\/1"}],"replies":[{"embeddable":true,"href":"https:\/\/oops.ee\/et\/wp-json\/wp\/v2\/comments?post=380"}],"version-history":[{"count":12,"href":"https:\/\/oops.ee\/et\/wp-json\/wp\/v2\/pages\/380\/revisions"}],"predecessor-version":[{"id":3048,"href":"https:\/\/oops.ee\/et\/wp-json\/wp\/v2\/pages\/380\/revisions\/3048"}],"up":[{"embeddable":true,"href":"https:\/\/oops.ee\/et\/wp-json\/wp\/v2\/pages\/216"}],"wp:attachment":[{"href":"https:\/\/oops.ee\/et\/wp-json\/wp\/v2\/media?parent=380"}],"curies":[{"name":"wp","href":"https:\/\/api.w.org\/{rel}","templated":true}]}}