{"id":3035,"date":"2019-04-12T20:35:08","date_gmt":"2019-04-12T17:35:08","guid":{"rendered":"https:\/\/oops.ee\/google-virtual-tours\/"},"modified":"2021-05-24T14:02:22","modified_gmt":"2021-05-24T11:02:22","slug":"google-virtual-tours","status":"publish","type":"page","link":"https:\/\/oops.ee\/et\/google-virtual-tours\/","title":{"rendered":"Google Virtuaalsed Tuurid"},"content":{"rendered":"<div class=\"fusion-fullwidth fullwidth-box nonhundred-percent-fullwidth non-hundred-percent-height-scrolling\"  style='background-color: rgba(255,255,255,0);background-position: center center;background-repeat: no-repeat;padding-top:0px;padding-right:0px;padding-bottom:0px;padding-left:0px;'><div class=\"fusion-builder-row fusion-row \"><div  class=\"fusion-layout-column fusion_builder_column fusion_builder_column_1_1  fusion-one-full fusion-column-first fusion-column-last 1_1\"  style='margin-top:0px;margin-bottom:20px;'>\n\t\t\t\t\t<div class=\"fusion-column-wrapper\" style=\"padding: 0px 0px 0px 0px;background-position:left top;background-repeat:no-repeat;-webkit-background-size:cover;-moz-background-size:cover;-o-background-size:cover;background-size:cover;\"  data-bg-url=\"\">\n\t\t\t\t\t\t<div class=\"fusion-title title fusion-sep-none fusion-title-size-one\" style=\"margin-top:0px;margin-bottom:15px;\"><h1 class=\"title-heading-left\"><p>Google Virtuaalsed Tuurid<\/p>\n<h5 class=\"text-main semibold\"><span style=\"color: #ed1846;\"><strong>Hmm&#8230;Ma olen alati kasutanud atlast&#8230;<\/strong><\/span><\/h5><\/h1><\/div><span class=\"fusion-imageframe imageframe-none imageframe-1 hover-type-none\"><img loading=\"lazy\" src=\"https:\/\/oops.ee\/wp-content\/uploads\/2019\/04\/360-street-local-guide-photography-1.jpg\" width=\"1140\" height=\"579\" alt=\"\" title=\"360-street-local-guide-photography\" class=\"img-responsive wp-image-2550\" srcset=\"https:\/\/oops.ee\/wp-content\/uploads\/2019\/04\/360-street-local-guide-photography-1-200x102.jpg 200w, https:\/\/oops.ee\/wp-content\/uploads\/2019\/04\/360-street-local-guide-photography-1-400x203.jpg 400w, https:\/\/oops.ee\/wp-content\/uploads\/2019\/04\/360-street-local-guide-photography-1-600x305.jpg 600w, https:\/\/oops.ee\/wp-content\/uploads\/2019\/04\/360-street-local-guide-photography-1-800x406.jpg 800w, https:\/\/oops.ee\/wp-content\/uploads\/2019\/04\/360-street-local-guide-photography-1.jpg 1140w\" sizes=\"(max-width: 800px) 100vw, 1140px\" \/><\/span><div class=\"fusion-sep-clear\"><\/div><div class=\"fusion-separator fusion-full-width-sep sep-none\" style=\"margin-left: auto;margin-right: auto;margin-top:10px;margin-bottom:10px;\"><\/div><div class=\"fusion-text\"><h2>Kellele virtuaalne tuur on kasulik?<\/h2>\n<\/div><div class=\"fusion-content-boxes content-boxes columns row fusion-columns-2 fusion-columns-total-0 fusion-content-boxes-1 content-boxes-icon-on-top content-left\" data-animationOffset=\"100%\" style=\"margin-top:0px;margin-bottom:0px;\"><style type=\"text\/css\" scoped=\"scoped\">.fusion-content-boxes-1 .heading h2{color:#333333;}\n\t\t\t\t\t.fusion-content-boxes-1 .fusion-content-box-hover .link-area-link-icon-hover .heading h2,\n\t\t\t\t\t.fusion-content-boxes-1 .fusion-content-box-hover .link-area-link-icon-hover .heading .heading-link h2,\n\t\t\t\t\t.fusion-content-boxes-1 .fusion-content-box-hover .link-area-box-hover .heading h2,\n\t\t\t\t\t.fusion-content-boxes-1 .fusion-content-box-hover .link-area-box-hover .heading .heading-link h2,\n\t\t\t\t\t.fusion-content-boxes-1 .fusion-content-box-hover .link-area-link-icon-hover.link-area-box .fusion-read-more,\n\t\t\t\t\t.fusion-content-boxes-1 .fusion-content-box-hover .link-area-link-icon-hover.link-area-box .fusion-read-more::after,\n\t\t\t\t\t.fusion-content-boxes-1 .fusion-content-box-hover .link-area-link-icon-hover.link-area-box .fusion-read-more::before,\n\t\t\t\t\t.fusion-content-boxes-1 .fusion-content-box-hover .fusion-read-more:hover:after,\n\t\t\t\t\t.fusion-content-boxes-1 .fusion-content-box-hover .fusion-read-more:hover:before,\n\t\t\t\t\t.fusion-content-boxes-1 .fusion-content-box-hover .fusion-read-more:hover,\n\t\t\t\t\t.fusion-content-boxes-1 .fusion-content-box-hover .link-area-box-hover.link-area-box .fusion-read-more,\n\t\t\t\t\t.fusion-content-boxes-1 .fusion-content-box-hover .link-area-box-hover.link-area-box .fusion-read-more::after,\n\t\t\t\t\t.fusion-content-boxes-1 .fusion-content-box-hover .link-area-box-hover.link-area-box .fusion-read-more::before,\n\t\t\t\t\t.fusion-content-boxes-1 .fusion-content-box-hover .link-area-link-icon-hover .icon .circle-no,\n\t\t\t\t\t.fusion-content-boxes-1 .heading .heading-link:hover .content-box-heading {\n\t\t\t\t\t\tcolor: #ed1846;\n\t\t\t\t\t}\n\t\t\t\t\t.fusion-content-boxes-1 .fusion-content-box-hover .link-area-box-hover .icon .circle-no {\n\t\t\t\t\t\tcolor: #ed1846 !important;\n\t\t\t\t\t}.fusion-content-boxes-1 .fusion-content-box-hover .link-area-box.link-area-box-hover .fusion-content-box-button {background: #d3103a;color: #ffffff;}.fusion-content-boxes-1 .fusion-content-box-hover .link-area-box.link-area-box-hover .fusion-content-box-button .fusion-button-text {color: #ffffff;}\n\t\t\t\t\t.fusion-content-boxes-1 .fusion-content-box-hover .link-area-link-icon-hover .heading .icon > span {\n\t\t\t\t\t\tbackground-color: #ed1846 !important;\n\t\t\t\t\t}\n\t\t\t\t\t.fusion-content-boxes-1 .fusion-content-box-hover .link-area-box-hover .heading .icon > span {\n\t\t\t\t\t\tborder-color: #ed1846 !important;\n\t\t\t\t\t}<\/style><div class=\"fusion-column content-box-column content-box-column content-box-column-1 col-lg-6 col-md-6 col-sm-6 fusion-content-box-hover  content-box-column-first-in-row\"><div class=\"col content-wrapper link-area-link-icon icon-hover-animation-none\" style=\"background-color:rgba(255,255,255,0);\" data-animationOffset=\"100%\"><div class=\"heading heading-with-icon icon-left\"><div class=\"icon\"><i style=\"background-color:transparent;border-color:transparent;height:auto;width: 60px;line-height:normal;color:#ed1846;font-size:60px;\" class=\"fa fontawesome-icon fa-globe circle-no\"><\/i><\/div><h2 class=\"content-box-heading\" style=\"font-size:18px;line-height:23px;\">Ettev\u00f5tted, kes soovivad suurendada oma kohalolekut veebis<\/h2><\/div><div class=\"fusion-clearfix\"><\/div><div class=\"content-container\" style=\"color:#747474;\"><\/div><\/div><\/div><div class=\"fusion-column content-box-column content-box-column content-box-column-2 col-lg-6 col-md-6 col-sm-6 fusion-content-box-hover  content-box-column-last-in-row\"><div class=\"col content-wrapper link-area-link-icon icon-hover-animation-none\" style=\"background-color:rgba(255,255,255,0);\" data-animationOffset=\"100%\"><div class=\"heading heading-with-icon icon-left\"><div class=\"icon\"><i style=\"background-color:transparent;border-color:transparent;height:auto;width: 60px;line-height:normal;color:#ed1846;font-size:60px;\" class=\"fa fontawesome-icon fa-map-signs circle-no\"><\/i><\/div><h2 class=\"content-box-heading\" style=\"font-size:18px;line-height:23px;\">Ettev\u00f5tted, kes soovivad aidata oma klientidel h\u00f5lpsalt navigeerida<\/h2><\/div><div class=\"fusion-clearfix\"><\/div><div class=\"content-container\" style=\"color:#747474;\"><\/div><\/div><\/div><div class=\"fusion-column content-box-column content-box-column content-box-column-3 col-lg-6 col-md-6 col-sm-6 fusion-content-box-hover  content-box-column-first-in-row\"><div class=\"col content-wrapper link-area-link-icon icon-hover-animation-none\" style=\"background-color:rgba(255,255,255,0);\" data-animationOffset=\"100%\"><div class=\"heading heading-with-icon icon-left\"><div class=\"icon\"><i style=\"background-color:transparent;border-color:transparent;height:auto;width: 60px;line-height:normal;color:#ed1846;font-size:60px;\" class=\"fa fontawesome-icon fa-thumbs-o-up circle-no\"><\/i><\/div><h2 class=\"content-box-heading\" style=\"font-size:18px;line-height:23px;\">Ettev\u00f5tted, kes soovivad oma klientide vastu pikaajalist usaldust luua <\/h2><\/div><div class=\"fusion-clearfix\"><\/div><div class=\"content-container\" style=\"color:#747474;\"><\/div><\/div><\/div><div class=\"fusion-column content-box-column content-box-column content-box-column-4 col-lg-6 col-md-6 col-sm-6 fusion-content-box-hover  content-box-column-last-in-row\"><div class=\"col content-wrapper link-area-link-icon icon-hover-animation-none\" style=\"background-color:rgba(255,255,255,0);\" data-animationOffset=\"100%\"><div class=\"heading heading-with-icon icon-left\"><div class=\"icon\"><i style=\"background-color:transparent;border-color:transparent;height:auto;width: 60px;line-height:normal;color:#ed1846;font-size:60px;\" class=\"fa fontawesome-icon fa-bullhorn circle-no\"><\/i><\/div><h2 class=\"content-box-heading\" style=\"font-size:18px;line-height:23px;\">Ettev\u00f5tted, kes otsivad h\u00e4sti tasuvat turundusv\u00f5imalust<\/h2><\/div><div class=\"fusion-clearfix\"><\/div><div class=\"content-container\" style=\"color:#747474;\"><\/div><\/div><\/div><div class=\"fusion-clearfix\"><\/div><\/div><div class=\"fusion-sep-clear\"><\/div><div class=\"fusion-separator fusion-full-width-sep sep-none\" style=\"margin-left: auto;margin-right: auto;margin-top:10px;margin-bottom:10px;\"><\/div><div class=\"fusion-text\"><h2>Miks meie?<\/h2>\n<\/div><div class=\"fusion-clearfix\"><\/div>\n\n\t\t\t\t\t<\/div>\n\t\t\t\t<\/div><div  class=\"fusion-layout-column fusion_builder_column fusion_builder_column_1_6  fusion-one-sixth fusion-column-first 1_6\"  style='margin-top:0px;margin-bottom:20px;width:16.66%;width:calc(16.66% - ( ( 4% ) * 0.1666 ) );margin-right: 4%;'>\n\t\t\t\t\t<div class=\"fusion-column-wrapper\" style=\"padding: 0px 0px 0px 0px;background-position:left top;background-repeat:no-repeat;-webkit-background-size:cover;-moz-background-size:cover;-o-background-size:cover;background-size:cover;\"  data-bg-url=\"\">\n\t\t\t\t\t\t<span class=\"fusion-imageframe imageframe-none imageframe-2 hover-type-none\"><img loading=\"lazy\" src=\"https:\/\/oops.ee\/wp-content\/uploads\/2019\/04\/google-trusted-tallinn-estonia.jpg\" width=\"195\" height=\"260\" alt=\"\" title=\"google-trusted-tallinn-estonia\" class=\"img-responsive wp-image-2600\"\/><\/span><div class=\"fusion-clearfix\"><\/div>\n\n\t\t\t\t\t<\/div>\n\t\t\t\t<\/div><div  class=\"fusion-layout-column fusion_builder_column fusion_builder_column_5_6  fusion-five-sixth fusion-column-last 5_6\"  style='margin-top:0px;margin-bottom:20px;width:83.33%;width:calc(83.33% - ( ( 4% ) * 0.8333 ) );'>\n\t\t\t\t\t<div class=\"fusion-column-wrapper\" style=\"padding: 0px 0px 0px 0px;background-position:left top;background-repeat:no-repeat;-webkit-background-size:cover;-moz-background-size:cover;-o-background-size:cover;background-size:cover;\"  data-bg-url=\"\">\n\t\t\t\t\t\t<ul class=\"fusion-checklist fusion-checklist-1\" style=\"font-size:18px;line-height:30.6px;\"><li class=\"fusion-li-item\"><span style=\"background-color:#ffffff;font-size:15.84px;height:30.6px;width:30.6px;margin-right:12.6px;\" class=\"icon-wrapper circle-yes\"><i class=\"fusion-li-icon fa fa-check\" style=\"color:#ed1846;\"><\/i><\/span><div class=\"fusion-li-item-content\" style=\"margin-left:43.2px;\">\n<p><span style=\"font-weight: 400;\">Oleme Google\u00b4i sertifitseeritud agentuur. Selle kohta leiate teavet nende<\/span> <span style=\"font-weight: 400;\">Google Street <\/span><span style=\"font-weight: 400;\">View<\/span><span style=\"font-weight: 400;\"> ametlikult lehelt, valides riigiks Eesti.<\/span><\/p>\n<\/div><\/li><li class=\"fusion-li-item\"><span style=\"background-color:#ffffff;font-size:15.84px;height:30.6px;width:30.6px;margin-right:12.6px;\" class=\"icon-wrapper circle-yes\"><i class=\"fusion-li-icon fa fa-check\" style=\"color:#ed1846;\"><\/i><\/span><div class=\"fusion-li-item-content\" style=\"margin-left:43.2px;\">\n<p><span style=\"font-weight: 400;\">Kasutame Google\u00b4i verifitseeritud seadmeid, mis v\u00f5imaldavad <\/span><span style=\"font-weight: 400;\">panoraamide kleepimisel<\/span><span style=\"font-weight: 400;\"> moonutusi v\u00e4ltida ning hinna ja kvaliteedi suhte maksimaalselt paigas hoida. <\/span><\/p>\n<\/div><\/li><li class=\"fusion-li-item\"><span style=\"background-color:#ffffff;font-size:15.84px;height:30.6px;width:30.6px;margin-right:12.6px;\" class=\"icon-wrapper circle-yes\"><i class=\"fusion-li-icon fa fa-check\" style=\"color:#ed1846;\"><\/i><\/span><div class=\"fusion-li-item-content\" style=\"margin-left:43.2px;\">\n<p><span style=\"font-weight: 400;\">J\u00e4relt\u00f6\u00f6tluses kasutame v\u00e4rvipasse, et saavutada v\u00f5imalikult tegelikkusele vastav pilt. <\/span><\/p>\n<\/div><\/li><li class=\"fusion-li-item\"><span style=\"background-color:#ffffff;font-size:15.84px;height:30.6px;width:30.6px;margin-right:12.6px;\" class=\"icon-wrapper circle-yes\"><i class=\"fusion-li-icon fa fa-check\" style=\"color:#ed1846;\"><\/i><\/span><div class=\"fusion-li-item-content\" style=\"margin-left:43.2px;\">\n<p><span style=\"font-weight: 400;\">Teeme tuure nii, et need <\/span><span style=\"font-weight: 400;\">sobituksid<\/span> <span style=\"font-weight: 400;\">Google Street View<\/span><span style=\"font-weight: 400;\">\u00a0 teedega.\u00a0<\/span><\/p>\n<\/div><\/li><\/ul><div class=\"fusion-clearfix\"><\/div>\n\n\t\t\t\t\t<\/div>\n\t\t\t\t<\/div><div  class=\"fusion-layout-column fusion_builder_column fusion_builder_column_1_1  fusion-one-full fusion-column-first fusion-column-last 1_1\"  style='margin-top:0px;margin-bottom:20px;'>\n\t\t\t\t\t<div class=\"fusion-column-wrapper\" style=\"padding: 0px 0px 0px 0px;background-position:left top;background-repeat:no-repeat;-webkit-background-size:cover;-moz-background-size:cover;-o-background-size:cover;background-size:cover;\"  data-bg-url=\"\">\n\t\t\t\t\t\t<div class=\"fusion-text\"><h2>Mis me tegime?<\/h2>\n<\/div><div class=\"fusion-sep-clear\"><\/div><div class=\"fusion-separator fusion-full-width-sep sep-none\" style=\"margin-left: auto;margin-right: auto;margin-top:10px;margin-bottom:10px;\"><\/div><iframe src=\"https:\/\/www.google.com\/maps\/embed?pb=!4v1555090267528!6m8!1m7!1sCAoSLEFGMVFpcE1ITzFiZmx6OHlRa0hGbEwyOFFqaXUxSHY5WUhiSGd6SHp1aHdL!2m2!1d59.44363790877554!2d24.75796995337294!3f341.9516928144147!4f-2.6492611639780534!5f0.7820865974627469\" width=\"1140\" height=\"450\" frameborder=\"0\" style=\"border:0\" allowfullscreen><\/iframe><iframe src=\"https:\/\/www.google.com\/maps\/embed?pb=!4v1555090344945!6m8!1m7!1sCAoSLEFGMVFpcE81WHUxY1hBY0xoYXZSNVhVZ2x1SV9KeFY1RW5kbEhOcmJFa3k5!2m2!1d59.44327637312193!2d24.75540686398745!3f82.22949984198854!4f-4.7877182505647085!5f0.7820865974627469\" width=\"1140\" height=\"450\" frameborder=\"0\" style=\"border:0\" allowfullscreen><\/iframe><iframe src=\"https:\/\/www.google.com\/maps\/embed?pb=!4v1555090412554!6m8!1m7!1sCAoSLEFGMVFpcE02dHNXSi1mTk00enhSS3FrbVd2MS02ZGxTcThUZm5qRzZZTGx3!2m2!1d59.44079011089693!2d24.76263537237955!3f357.3425991442401!4f-2.3691450149621858!5f0.7820865974627469\" width=\"1140\" height=\"450\" frameborder=\"0\" style=\"border:0\" allowfullscreen><\/iframe><div class=\"fusion-clearfix\"><\/div>\n\n\t\t\t\t\t<\/div>\n\t\t\t\t<\/div><\/div><\/div>\n","protected":false},"excerpt":{"rendered":"","protected":false},"author":1,"featured_media":0,"parent":0,"menu_order":0,"comment_status":"closed","ping_status":"closed","template":"","meta":[],"_links":{"self":[{"href":"https:\/\/oops.ee\/et\/wp-json\/wp\/v2\/pages\/3035"}],"collection":[{"href":"https:\/\/oops.ee\/et\/wp-json\/wp\/v2\/pages"}],"about":[{"href":"https:\/\/oops.ee\/et\/wp-json\/wp\/v2\/types\/page"}],"author":[{"embeddable":true,"href":"https:\/\/oops.ee\/et\/wp-json\/wp\/v2\/users\/1"}],"replies":[{"embeddable":true,"href":"https:\/\/oops.ee\/et\/wp-json\/wp\/v2\/comments?post=3035"}],"version-history":[{"count":3,"href":"https:\/\/oops.ee\/et\/wp-json\/wp\/v2\/pages\/3035\/revisions"}],"predecessor-version":[{"id":3038,"href":"https:\/\/oops.ee\/et\/wp-json\/wp\/v2\/pages\/3035\/revisions\/3038"}],"wp:attachment":[{"href":"https:\/\/oops.ee\/et\/wp-json\/wp\/v2\/media?parent=3035"}],"curies":[{"name":"wp","href":"https:\/\/api.w.org\/{rel}","templated":true}]}}